{"id":13,"date":"2016-04-06T09:59:03","date_gmt":"2016-04-06T07:59:03","guid":{"rendered":"http:\/\/neu.engstfeld-archiv.eu\/der-kunstmaler-copy-copy\/"},"modified":"2025-01-28T15:18:29","modified_gmt":"2025-01-28T14:18:29","slug":"der-kuenstler-privat","status":"publish","type":"page","link":"https:\/\/www.engstfeld-archiv.eu\/fr\/der-kuenstler-privat\/","title":{"rendered":"L&#8217; artiste en priv\u00e9"},"content":{"rendered":"<p style=\"text-align: left;\"><strong>A la recherche de ses traces \u00e0 Knokke, Sluis et Bruges 1897-1914<\/strong><\/p>\n<p style=\"text-align: left;\">(extrait de la version allemande)<\/p>\n<p>Introduction<\/p>\n<p>En tant que petit-fils de l\u2019artiste, il est difficile d\u2019\u00e9crire une biographie objective de son propre grand-p\u00e8re. Apr\u00e8s tout, je l\u2019ai v\u00e9cu consciemment quand j\u2019\u00e9tais enfant.<\/p>\n<p>Plus tard, j\u2019avais assez \u00e0 faire avec moi-m\u00eame au lieu de m\u2019occuper de lui. Ses peintures et dessins m&#8217;ont accompagn\u00e9 au fil des ann\u00e9es, tout comme ses vieux livres et le souvenir d&#8217;une enfance dans une mansarde partag\u00e9e par trois g\u00e9n\u00e9rations, certes heureuse, mais aussi marqu\u00e9e par la pauvret\u00e9 et les privations.<\/p>\n<p>Cette recherche \u00e9tait rendue plus difficile par le fait que quelque temps avant sa mort en 1956, mon grand-p\u00e8re \u00e9tait devenu de plus en plus d\u00e9prim\u00e9 et avait commenc\u00e9 \u00e0 br\u00fbler ses documents personnels dans un des fours de notre mansarde.<\/p>\n<p>De nombreux t\u00e9moignages familiaux ont \u00e9t\u00e9 perdus apr\u00e8s que la Seconde Guerre mondiale avait d\u00e9j\u00e0 d\u00e9truit la maison de ses parents avec de nombreux documents.<\/p>\n<p>Certaines informations sont ainsi l\u00e9gu\u00e9es par ma m\u00e8re, d&#8217;autres ont \u00e9t\u00e9 minutieusement reconstitu\u00e9es gr\u00e2ce \u00e0 des recherches aupr\u00e8s de proches, dans des biblioth\u00e8ques et sur l&#8217; internet.<\/p>\n<p>C&#8217;est pourquoi l&#8217;auteur serait reconnaissant pour toute information suppl\u00e9mentaire concernant des peintures, photos et documents disponibles ailleurs qui pourraient \u00e9clairer davantage la vie de cet artiste.<\/p>\n<p>Dans ce qui suit on se concentre sur sa phase de vie la plus productive en Belgique et aux Pays Bas entre 1897 et 1914 \u2013 une \u00e9poque aussi splendide que bouleversante. <\/p>\n<p style=\"text-align: center;\"><a href=\"\/wp-content\/uploads\/2025\/01\/7FR_Spurensuche_2025.pdf\">lire l&#8217; ensemble de l&#8217; article (pdf)<\/a><\/p>\n","protected":false},"excerpt":{"rendered":"<p>A la recherche de ses traces \u00e0 Knokke, Sluis et Bruges 1897-1914 (extrait de la version allemande) Introduction En tant que petit-fils de l\u2019artiste, il est difficile d\u2019\u00e9crire une biographie objective de son propre grand-p\u00e8re. Apr\u00e8s tout, je l\u2019ai v\u00e9cu consciemment quand j\u2019\u00e9tais enfant. Plus tard, j\u2019avais assez \u00e0 faire avec moi-m\u00eame au lieu de [&hellip;]<\/p>\n","protected":false},"author":1,"featured_media":0,"parent":0,"menu_order":4,"comment_status":"closed","ping_status":"closed","template":"","meta":{"_acf_changed":false,"footnotes":""},"class_list":["post-13","page","type-page","status-publish","hentry"],"translation":{"provider":"WPGlobus","version":"3.0.2","language":"fr","enabled_languages":["de","fr","nl"],"languages":{"de":{"title":true,"content":true,"excerpt":false},"fr":{"title":true,"content":true,"excerpt":false},"nl":{"title":true,"content":true,"excerpt":false}}},"acf":[],"_links":{"self":[{"href":"https:\/\/www.engstfeld-archiv.eu\/fr\/wp-json\/wp\/v2\/pages\/13","targetHints":{"allow":["GET"]}}],"collection":[{"href":"https:\/\/www.engstfeld-archiv.eu\/fr\/wp-json\/wp\/v2\/pages"}],"about":[{"href":"https:\/\/www.engstfeld-archiv.eu\/fr\/wp-json\/wp\/v2\/types\/page"}],"author":[{"embeddable":true,"href":"https:\/\/www.engstfeld-archiv.eu\/fr\/wp-json\/wp\/v2\/users\/1"}],"replies":[{"embeddable":true,"href":"https:\/\/www.engstfeld-archiv.eu\/fr\/wp-json\/wp\/v2\/comments?post=13"}],"version-history":[{"count":9,"href":"https:\/\/www.engstfeld-archiv.eu\/fr\/wp-json\/wp\/v2\/pages\/13\/revisions"}],"predecessor-version":[{"id":2955,"href":"https:\/\/www.engstfeld-archiv.eu\/fr\/wp-json\/wp\/v2\/pages\/13\/revisions\/2955"}],"wp:attachment":[{"href":"https:\/\/www.engstfeld-archiv.eu\/fr\/wp-json\/wp\/v2\/media?parent=13"}],"curies":[{"name":"wp","href":"https:\/\/api.w.org\/{rel}","templated":true}]}}