{"id":18,"date":"2016-04-06T10:01:09","date_gmt":"2016-04-06T08:01:09","guid":{"rendered":"http:\/\/neu.engstfeld-archiv.eu\/fotos-copy\/"},"modified":"2021-11-02T17:24:30","modified_gmt":"2021-11-02T16:24:30","slug":"genealogie","status":"publish","type":"page","link":"https:\/\/www.engstfeld-archiv.eu\/fr\/genealogie\/","title":{"rendered":"G\u00e9n\u00e9alogie"},"content":{"rendered":"<p lang=\"fr-FR\" align=\"CENTER\"><strong>La g\u00e9n\u00e9alogie de la famille Engstfeld en bref<\/strong><\/p>\n<p lang=\"fr-FR\" align=\"LEFT\"><strong>L&#8217; origine<\/strong><\/p>\n<p lang=\"fr-FR\" align=\"JUSTIFY\">Les premi\u00e8res traces de la famille se trouvent au XVI\u00e8 si\u00e8cle dans une r\u00e9gion rurale entre les villes de Cologne et de Siegen, pr\u00e8s de l&#8217; ancienne fronti\u00e8re entre la Rh\u00e9nanie et la Westphalie.<\/p>\n<p lang=\"fr-FR\" align=\"JUSTIFY\">A cet endroit on peut suivre un panneau indiquant le hameau de \u201eEngstfeld\u201c.<\/p>\n<p lang=\"fr-FR\" align=\"JUSTIFY\">Albert, lui, descend de la branche de famille qui fonde au XVIII\u00e8 si\u00e8cle une fonderie de laiton et de bronze \u00e0 Heiligenhaus, une ville \u00e0 proximit\u00e9 de Essen et de Wuppertal. En 1965, cette entreprise a f\u00eat\u00e9 son 175\u00e8me anniversaire \u2013 mais, depuis, elle a disparu du march\u00e9.<\/p>\n<p lang=\"fr-FR\" align=\"LEFT\"><strong>L&#8217; arri\u00e8re grand-p\u00e8re Peter Friedrich Engstfeld (1793-1848)<\/strong><\/p>\n<p lang=\"fr-FR\" align=\"JUSTIFY\">Un des fils du fondateur de l&#8217; entreprise devient instituteur \u00e0 Duisburg. Il se consacre \u00e0 la musique sacr\u00e9e en tant qu&#8217;organiste, compositeur et r\u00e9dacteur de carnets d&#8217; \u00e9tudes de cantiques. Il publie entre 1825 et 1846 plusieurs \u0153uvres chez l&#8217; \u00e9dition Baedeker \u00e0 Essen.<\/p>\n<p style=\"text-align: center;\"><a href=\"\/genealogie\/dokumente\/\">pour regarder les documents appartenants \u00e0 cet article, cliquez ici<\/a><\/p>\n<p style=\"text-align: center;\"><a href=\"\/wp-content\/uploads\/2016\/09\/FR-Genealogie-def.pdf\">lire l&#8217; ensemble de l&#8217; article (pdf)<\/a><\/p>\n","protected":false},"excerpt":{"rendered":"<p>La g\u00e9n\u00e9alogie de la famille Engstfeld en bref L&#8217; origine Les premi\u00e8res traces de la famille se trouvent au XVI\u00e8 si\u00e8cle dans une r\u00e9gion rurale entre les villes de Cologne et de Siegen, pr\u00e8s de l&#8217; ancienne fronti\u00e8re entre la Rh\u00e9nanie et la Westphalie. A cet endroit on peut suivre un panneau indiquant le hameau [&hellip;]<\/p>\n","protected":false},"author":1,"featured_media":0,"parent":0,"menu_order":6,"comment_status":"closed","ping_status":"closed","template":"","meta":{"_acf_changed":false,"footnotes":""},"class_list":["post-18","page","type-page","status-publish","hentry"],"translation":{"provider":"WPGlobus","version":"3.0.2","language":"fr","enabled_languages":["de","fr","nl"],"languages":{"de":{"title":true,"content":true,"excerpt":false},"fr":{"title":true,"content":true,"excerpt":false},"nl":{"title":true,"content":true,"excerpt":false}}},"acf":[],"_links":{"self":[{"href":"https:\/\/www.engstfeld-archiv.eu\/fr\/wp-json\/wp\/v2\/pages\/18","targetHints":{"allow":["GET"]}}],"collection":[{"href":"https:\/\/www.engstfeld-archiv.eu\/fr\/wp-json\/wp\/v2\/pages"}],"about":[{"href":"https:\/\/www.engstfeld-archiv.eu\/fr\/wp-json\/wp\/v2\/types\/page"}],"author":[{"embeddable":true,"href":"https:\/\/www.engstfeld-archiv.eu\/fr\/wp-json\/wp\/v2\/users\/1"}],"replies":[{"embeddable":true,"href":"https:\/\/www.engstfeld-archiv.eu\/fr\/wp-json\/wp\/v2\/comments?post=18"}],"version-history":[{"count":48,"href":"https:\/\/www.engstfeld-archiv.eu\/fr\/wp-json\/wp\/v2\/pages\/18\/revisions"}],"predecessor-version":[{"id":2829,"href":"https:\/\/www.engstfeld-archiv.eu\/fr\/wp-json\/wp\/v2\/pages\/18\/revisions\/2829"}],"wp:attachment":[{"href":"https:\/\/www.engstfeld-archiv.eu\/fr\/wp-json\/wp\/v2\/media?parent=18"}],"curies":[{"name":"wp","href":"https:\/\/api.w.org\/{rel}","templated":true}]}}