{"id":20,"date":"2016-04-06T10:01:39","date_gmt":"2016-04-06T08:01:39","guid":{"rendered":"http:\/\/neu.engstfeld-archiv.eu\/genealogie-copy\/"},"modified":"2017-01-25T23:44:14","modified_gmt":"2017-01-25T22:44:14","slug":"links","status":"publish","type":"page","link":"https:\/\/www.engstfeld-archiv.eu\/fr\/links\/","title":{"rendered":"Liens"},"content":{"rendered":"<h4><strong>Le Mus\u00e9e Wilhelm-Fabry &#8211; Wilhelm-Fabry Museum &#8211; \u00e0 Hilden\/Rhld.:<\/strong><\/h4>\n<p>Propri\u00e9taire du tableau &#8220;Portrait Wilhelm Fabry&#8221; <a href=\"http:\/\/www.wilhelm-fabry-museum.de\/\">http:\/\/www.wilhelm-fabry-museum.de\/<\/a><\/p>\n<h4><strong>Archive Linnemann:<\/strong><\/h4>\n<p>L&#8217; histoire de l&#8217; atelier de la peinture sur verre \u00e0 Francfort. Otto Linnemann \u00e9tait un camarade d&#8217;\u00e9tudes et un ami d&#8217; Albert Engstfeld <a href=\"http:\/\/www.linnemann-archiv.de\/\">http:\/\/www.linnemann-archiv.de\/<\/a><\/p>\n<h4><strong>La famille des entrepreneurs Flender<\/strong><\/h4>\n<p>l&#8217; histoire de cette famille, qui a soutenu Albert Engstfeld d\u00e8s le d\u00e9but de sa carriere: <a href=\"http:\/\/de.wikipedia.org\/wiki\/Flender_(Unternehmerfamilie)\">http:\/\/de.wikipedia.org\/wiki\/Flender_(Unternehmerfamilie)<\/a><\/p>\n<h4><strong>L&#8217; association des artistes Malkasten &#8211; K\u00fcnstlerverein Malkasten &#8211; \u00e0 Duesseldorf:<\/strong><\/h4>\n<p>avant la Grande Guerre un des points de rencontre importants des artistes locaux et de leurs m\u00e9c\u00e8nes <a href=\"http:\/\/www.malkasten.org\/\">http:\/\/www.malkasten.org\/<\/a><\/p>\n<h4><strong>L&#8217; Acad\u00e9mie de Beaux Arts &#8211; D\u00fcsseldorfer Kunstakademie &#8211; o\u00f9 Engstfeld a pass\u00e9 ses \u00e9tudes:<\/strong><\/h4>\n<p><a href=\"http:\/\/www.kunstakademie-duesseldorf.de\/\">http:\/\/www.kunstakademie-duesseldorf.de\/<\/a><\/p>\n<h4><strong>L&#8217; association artistique pour la Rh\u00e9nanie et la Westphalie &#8211; Kunstverein f\u00fcr die Rheinlande und Westfalen:<\/strong><\/h4>\n<p>Engstfeld en \u00e9tait membre depuis ses \u00e9tudes <a href=\"http:\/\/de.wikipedia.org\/wiki\/Kunstverein_f\u00fcr_die_Rheinlande_und_Westfalen\">http:\/\/de.wikipedia.org\/<\/a>, <a href=\"http:\/\/www.kunstverein-duesseldorf.de\/\">http:\/\/www.kunstverein-duesseldorf.de\/<\/a><\/p>\n","protected":false},"excerpt":{"rendered":"<p>Le Mus\u00e9e Wilhelm-Fabry &#8211; Wilhelm-Fabry Museum &#8211; \u00e0 Hilden\/Rhld.: Propri\u00e9taire du tableau &#8220;Portrait Wilhelm Fabry&#8221; http:\/\/www.wilhelm-fabry-museum.de\/ Archive Linnemann: L&#8217; histoire de l&#8217; atelier de la peinture sur verre \u00e0 Francfort. Otto Linnemann \u00e9tait un camarade d&#8217;\u00e9tudes et un ami d&#8217; Albert Engstfeld http:\/\/www.linnemann-archiv.de\/ La famille des entrepreneurs Flender l&#8217; histoire de cette famille, qui a [&hellip;]<\/p>\n","protected":false},"author":1,"featured_media":0,"parent":0,"menu_order":7,"comment_status":"closed","ping_status":"closed","template":"","meta":{"_acf_changed":false,"footnotes":""},"class_list":["post-20","page","type-page","status-publish","hentry"],"translation":{"provider":"WPGlobus","version":"3.0.2","language":"fr","enabled_languages":["de","fr","nl"],"languages":{"de":{"title":true,"content":true,"excerpt":false},"fr":{"title":true,"content":true,"excerpt":false},"nl":{"title":true,"content":true,"excerpt":false}}},"acf":[],"_links":{"self":[{"href":"https:\/\/www.engstfeld-archiv.eu\/fr\/wp-json\/wp\/v2\/pages\/20","targetHints":{"allow":["GET"]}}],"collection":[{"href":"https:\/\/www.engstfeld-archiv.eu\/fr\/wp-json\/wp\/v2\/pages"}],"about":[{"href":"https:\/\/www.engstfeld-archiv.eu\/fr\/wp-json\/wp\/v2\/types\/page"}],"author":[{"embeddable":true,"href":"https:\/\/www.engstfeld-archiv.eu\/fr\/wp-json\/wp\/v2\/users\/1"}],"replies":[{"embeddable":true,"href":"https:\/\/www.engstfeld-archiv.eu\/fr\/wp-json\/wp\/v2\/comments?post=20"}],"version-history":[{"count":26,"href":"https:\/\/www.engstfeld-archiv.eu\/fr\/wp-json\/wp\/v2\/pages\/20\/revisions"}],"predecessor-version":[{"id":2636,"href":"https:\/\/www.engstfeld-archiv.eu\/fr\/wp-json\/wp\/v2\/pages\/20\/revisions\/2636"}],"wp:attachment":[{"href":"https:\/\/www.engstfeld-archiv.eu\/fr\/wp-json\/wp\/v2\/media?parent=20"}],"curies":[{"name":"wp","href":"https:\/\/api.w.org\/{rel}","templated":true}]}}