{"id":43,"date":"2016-04-08T17:24:34","date_gmt":"2016-04-08T15:24:34","guid":{"rendered":"http:\/\/neu.engstfeld-archiv.eu\/?page_id=43"},"modified":"2025-01-28T08:31:27","modified_gmt":"2025-01-28T07:31:27","slug":"biografie","status":"publish","type":"page","link":"https:\/\/www.engstfeld-archiv.eu\/fr\/kunstmaler\/biografie\/","title":{"rendered":"Biographie"},"content":{"rendered":"<p lang=\"fr-FR\" align=\"LEFT\"><strong>(version abr\u00e9g\u00e9e et sans annotations)<\/strong><\/p>\n<p style=\"text-align: left;\"><strong>Albert Engstfeld<\/strong> na\u00eet le 25 ao\u00fbt 1876 \u00e0 Dusseldorf. En 1892 il entre \u00e0 \u00ab\u00a0K\u00f6niglich Preu\u00dfische Kunstakademie\u00a0\u00bb o\u00f9 il termine ses \u00e9tudes en 1896. Parmi ses professeurs figurent Heinrich Lauenstein, Hugo Crola, Adolf Schill, Peter Janssen et Arthur Kampf. Apr\u00e8s quelques r\u00e9sultats plut\u00f4t m\u00e9diocres, Janssen et Kampf reconnaissent son talent en 1895.<\/p>\n<p style=\"text-align: left;\">Sous la direction des directeurs Peter von Cornelius et de son successeur Wilhelm von Schadow, l&#8217; Acad\u00e9mie de Dusseldorf s&#8217; est d\u00e9velopp\u00e9 depuis 1819 au d\u00e9but \u00e0 un centre de la peinture romantique, englobant plus tard aussi des \u00e9l\u00e9ments r\u00e9alistes et elle est devenue au cours du 19i\u00e9me si\u00e8cle une institution de rayonnement international.<\/p>\n<p style=\"text-align: left;\">Parmi les camarades d&#8217;\u00e9tudes de Engstfeld comptent e.a. Alexander Essfeld, Fritz Reusing, Johann Georg Dreydorff, Hans Kohlschein, Otto Sohn-Rethel, Max Clarenbach et Otto Linnemann. Avec ses amis Dreydorff et Linnemann il devient membre de la corporation \u201eLaetitia\u201c et il acc\u00e8de ainsi aux milieux des galeristes et des m\u00e9c\u00e8nes qui se r\u00e9unissent au \u201eMalkasten\u201c &#8211; \u00e0 l&#8217; \u00e9poque un lieu de rencontre l\u00e9gendaire. D\u00e9j\u00e0 au cours de ses \u00e9tudes, il \u00e9tablit des liens \u00e9troits avec la famille des entrepreneurs Flender &#8211; les fr\u00e8res Alfred Friedrich et Walter ont le m\u00eame \u00e2ge. Au cours des ann\u00e9es, cette relation se transforme en m\u00e9c\u00e9nat et va contribuer d&#8217; une fa\u00e7on essentielle \u00e0 sa subsistance.<\/p>\n<p style=\"text-align: center;\"><strong><a href=\"\/wp-content\/uploads\/2025\/01\/1FR_Biographie_2025.pdf\">lire l&#8217; ensemble de l&#8217; article (pdf)<\/a><\/strong><\/p>\n","protected":false},"excerpt":{"rendered":"<p>(version abr\u00e9g\u00e9e et sans annotations) Albert Engstfeld na\u00eet le 25 ao\u00fbt 1876 \u00e0 Dusseldorf. En 1892 il entre \u00e0 \u00ab\u00a0K\u00f6niglich Preu\u00dfische Kunstakademie\u00a0\u00bb o\u00f9 il termine ses \u00e9tudes en 1896. Parmi ses professeurs figurent Heinrich Lauenstein, Hugo Crola, Adolf Schill, Peter Janssen et Arthur Kampf. Apr\u00e8s quelques r\u00e9sultats plut\u00f4t m\u00e9diocres, Janssen et Kampf reconnaissent son talent [&hellip;]<\/p>\n","protected":false},"author":1,"featured_media":0,"parent":9,"menu_order":1,"comment_status":"closed","ping_status":"closed","template":"","meta":{"_acf_changed":false,"footnotes":""},"class_list":["post-43","page","type-page","status-publish","hentry"],"translation":{"provider":"WPGlobus","version":"3.0.2","language":"fr","enabled_languages":["de","fr","nl"],"languages":{"de":{"title":true,"content":true,"excerpt":false},"fr":{"title":true,"content":true,"excerpt":false},"nl":{"title":true,"content":true,"excerpt":false}}},"acf":[],"_links":{"self":[{"href":"https:\/\/www.engstfeld-archiv.eu\/fr\/wp-json\/wp\/v2\/pages\/43","targetHints":{"allow":["GET"]}}],"collection":[{"href":"https:\/\/www.engstfeld-archiv.eu\/fr\/wp-json\/wp\/v2\/pages"}],"about":[{"href":"https:\/\/www.engstfeld-archiv.eu\/fr\/wp-json\/wp\/v2\/types\/page"}],"author":[{"embeddable":true,"href":"https:\/\/www.engstfeld-archiv.eu\/fr\/wp-json\/wp\/v2\/users\/1"}],"replies":[{"embeddable":true,"href":"https:\/\/www.engstfeld-archiv.eu\/fr\/wp-json\/wp\/v2\/comments?post=43"}],"version-history":[{"count":59,"href":"https:\/\/www.engstfeld-archiv.eu\/fr\/wp-json\/wp\/v2\/pages\/43\/revisions"}],"predecessor-version":[{"id":2963,"href":"https:\/\/www.engstfeld-archiv.eu\/fr\/wp-json\/wp\/v2\/pages\/43\/revisions\/2963"}],"up":[{"embeddable":true,"href":"https:\/\/www.engstfeld-archiv.eu\/fr\/wp-json\/wp\/v2\/pages\/9"}],"wp:attachment":[{"href":"https:\/\/www.engstfeld-archiv.eu\/fr\/wp-json\/wp\/v2\/media?parent=43"}],"curies":[{"name":"wp","href":"https:\/\/api.w.org\/{rel}","templated":true}]}}