{"id":45,"date":"2020-04-08T18:43:00","date_gmt":"2020-04-08T16:43:00","guid":{"rendered":"http:\/\/neu.engstfeld-archiv.eu\/kunstmaler\/biografie-copy\/"},"modified":"2020-04-09T12:26:49","modified_gmt":"2020-04-09T10:26:49","slug":"lebenslauf","status":"publish","type":"page","link":"https:\/\/www.engstfeld-archiv.eu\/fr\/kunstmaler\/lebenslauf\/","title":{"rendered":"Lebenslauf"},"content":{"rendered":"<table>\n<tbody>\n<tr>\n<td width=\"20%\">25-08-1876<\/td>\n<td>\n<p lang=\"fr-FR\" align=\"LEFT\">naissance \u00e0 Dusseldorf, quatri\u00e8me de sept enfants d&#8217; Albert Engstfeld et de son \u00e9pouse Anna Barbara, n\u00e9e Schoeneberg<\/p>\n<\/td>\n<\/tr>\n<tr>\n<td>03-09-1876<\/td>\n<td>\n<p lang=\"fr-FR\" align=\"LEFT\">bapt\u00eame au temple \u201eNeanderkirche\u201c<\/p>\n<p lang=\"fr-FR\" align=\"LEFT\">Ecole primaire et coll\u00e8ge technique \u00e0 Dusseldorf<\/p>\n<\/td>\n<\/tr>\n<tr>\n<td>1892-1896<\/td>\n<td>\n<p lang=\"fr-FR\" align=\"LEFT\">concours d&#8217; admission et \u00e9tudes couronn\u00e9es de succ\u00e8s \u00e0 la <span lang=\"de-DE\">&#8220;K\u00f6niglich Preu\u00dfische Kunstakademie zu D\u00fcsseldorf&#8221;,<\/span> membre de la corporation acad\u00e9mique \u201eLaetitia\u201c<\/p>\n<\/td>\n<\/tr>\n<tr>\n<td>1897-1907<\/td>\n<td>\n<p lang=\"fr-FR\" align=\"LEFT\">de nombreux s\u00e9jours de peinture \u00e0 Knokke (Belgique) et \u00e0 Sluis (Pays-Bas) o\u00f9 il habite souvent chez son camarade d&#8217;\u00e9tudes Johann Georg Dreydorff<\/p>\n<\/td>\n<\/tr>\n<tr>\n<td>1908-1914<\/td>\n<td>\n<p lang=\"fr-FR\" align=\"LEFT\">s\u00e9jour \u00e0 Bruges, domicili\u00e9 d&#8217; abord &#8220;Sint Jacobstraat 62&#8221; et ensuite &#8220;75 rue d&#8217; Oostende&#8221; (ajd &#8220;Ezelstraat 75&#8221;). Membre du \u201eCercle Artistique Bruges\u201c, de nombreux tableaux en Flandre et aux Pays-Bas, plusieurs expositions, voyages \u00e0 Amsterdam et \u00e0 Vienne<\/p>\n<\/td>\n<\/tr>\n<tr>\n<td>1914<\/td>\n<td>\n<p lang=\"fr-FR\" align=\"LEFT\">menace d&#8217;internement, retour pr\u00e9cipit\u00e9 en Allemagne \u00e0 travers les Pays-Bas<\/p>\n<\/td>\n<\/tr>\n<tr>\n<td>1915<\/td>\n<td>\n<p lang=\"fr-FR\" align=\"LEFT\">Service militaire \u00e0 Wesel (Allemagne)<\/p>\n<\/td>\n<\/tr>\n<tr>\n<td>1919<\/td>\n<td>\n<p lang=\"fr-FR\" align=\"LEFT\">Mariage avec Maria Hartmann, fille d&#8217; un h\u00f4telier de Oberhausen-Sterkrade. D\u00e9m\u00e9nagement \u00e0 Hilden (Rh\u00e9nanie) dans un logement du p\u00e8re du peintre<\/p>\n<\/td>\n<\/tr>\n<tr>\n<td>24-08-1920<\/td>\n<td>\n<p lang=\"fr-FR\" align=\"LEFT\">naissance de la fille Doris<\/p>\n<\/td>\n<\/tr>\n<tr>\n<td>1933<\/td>\n<td>\n<p lang=\"fr-FR\" align=\"LEFT\">D\u00e9m\u00e9nagement \u00e0 Hilden, Heerstrasse 22<\/p>\n<\/td>\n<\/tr>\n<tr>\n<td>1935<\/td>\n<td>s\u00e9jour \u00e0 Mayen (Eifel) dans le cadre du programme \u201eGemeinschaftswerk Kunst und K\u00fcnstler&#8221;, 1936: exposition des \u0153uvres \u00e0 la &#8220;Kunsthalle D\u00fcsseldorf&#8221;<\/td>\n<\/tr>\n<tr>\n<td>1942<\/td>\n<td>\n<p lang=\"fr-FR\" align=\"LEFT\">s\u00e9jour de peinture \u00e0 Elfershausen, Basse Franconie en Allemagne, de nombreux tableaux du village et des environs<\/p>\n<\/td>\n<\/tr>\n<tr>\n<td>20-04-1956<\/td>\n<td>\n<p lang=\"fr-FR\" align=\"LEFT\">mort \u00e0 Langenfeld (Rh\u00e9nanie), obs\u00e8ques \u00e0 Hilden<\/p>\n<\/td>\n<\/tr>\n<\/tbody>\n<\/table>\n","protected":false},"excerpt":{"rendered":"<p>25-08-1876 naissance \u00e0 Dusseldorf, quatri\u00e8me de sept enfants d&#8217; Albert Engstfeld et de son \u00e9pouse Anna Barbara, n\u00e9e Schoeneberg 03-09-1876 bapt\u00eame au temple \u201eNeanderkirche\u201c Ecole primaire et coll\u00e8ge technique \u00e0 Dusseldorf 1892-1896 concours d&#8217; admission et \u00e9tudes couronn\u00e9es de succ\u00e8s \u00e0 la &#8220;K\u00f6niglich Preu\u00dfische Kunstakademie zu D\u00fcsseldorf&#8221;, membre de la corporation acad\u00e9mique \u201eLaetitia\u201c 1897-1907 de [&hellip;]<\/p>\n","protected":false},"author":1,"featured_media":0,"parent":9,"menu_order":2,"comment_status":"closed","ping_status":"closed","template":"","meta":{"_acf_changed":false,"footnotes":""},"class_list":["post-45","page","type-page","status-publish","hentry"],"translation":{"provider":"WPGlobus","version":"3.0.2","language":"fr","enabled_languages":["de","fr","nl"],"languages":{"de":{"title":true,"content":true,"excerpt":false},"fr":{"title":false,"content":true,"excerpt":false},"nl":{"title":false,"content":true,"excerpt":false}}},"acf":[],"_links":{"self":[{"href":"https:\/\/www.engstfeld-archiv.eu\/fr\/wp-json\/wp\/v2\/pages\/45","targetHints":{"allow":["GET"]}}],"collection":[{"href":"https:\/\/www.engstfeld-archiv.eu\/fr\/wp-json\/wp\/v2\/pages"}],"about":[{"href":"https:\/\/www.engstfeld-archiv.eu\/fr\/wp-json\/wp\/v2\/types\/page"}],"author":[{"embeddable":true,"href":"https:\/\/www.engstfeld-archiv.eu\/fr\/wp-json\/wp\/v2\/users\/1"}],"replies":[{"embeddable":true,"href":"https:\/\/www.engstfeld-archiv.eu\/fr\/wp-json\/wp\/v2\/comments?post=45"}],"version-history":[{"count":30,"href":"https:\/\/www.engstfeld-archiv.eu\/fr\/wp-json\/wp\/v2\/pages\/45\/revisions"}],"predecessor-version":[{"id":2375,"href":"https:\/\/www.engstfeld-archiv.eu\/fr\/wp-json\/wp\/v2\/pages\/45\/revisions\/2375"}],"up":[{"embeddable":true,"href":"https:\/\/www.engstfeld-archiv.eu\/fr\/wp-json\/wp\/v2\/pages\/9"}],"wp:attachment":[{"href":"https:\/\/www.engstfeld-archiv.eu\/fr\/wp-json\/wp\/v2\/media?parent=45"}],"curies":[{"name":"wp","href":"https:\/\/api.w.org\/{rel}","templated":true}]}}