{"id":47,"date":"2016-04-08T17:25:14","date_gmt":"2016-04-08T15:25:14","guid":{"rendered":"http:\/\/neu.engstfeld-archiv.eu\/kunstmaler\/lebenslauf-copy\/"},"modified":"2025-05-12T07:10:46","modified_gmt":"2025-05-12T05:10:46","slug":"dokumente","status":"publish","type":"page","link":"https:\/\/www.engstfeld-archiv.eu\/fr\/kunstmaler\/dokumente\/","title":{"rendered":"Dokumente"},"content":{"rendered":"<div class=\"dokument\">\n  <a class=\"dokument-pdf\" href=\"\/wp-content\/uploads\/2016\/04\/Studienverlauf.pdf\"><\/p>\n<div class=\"dokument-text\"><span>D\u00e9roulement des \u00e9tudes<\/span><\/div>\n<p>  <\/a>\n<\/div>\n<div class=\"dokument\">\n  <a class=\"dokument-bild\" title=\"Ausflug der Akademie\" href=\"\/wp-content\/uploads\/2016\/04\/3_AusflugAkademie1895.jpg\" rel=\"lightbox\"><br \/>\n    <img decoding=\"async\" src=\"\/wp-content\/uploads\/2016\/04\/AusflugAkademie_s.jpg\" \/><\/p>\n<div class=\"dokument-text\"><span>1895 Excursion de l&#8217;Acad\u00e9mie<\/span><\/div>\n<p>  <\/a>\n<\/div>\n<div class=\"dokument\">\n  <a class=\"dokument-bild\" title=\"deutsche bildschreibung\" href=\"\/wp-content\/uploads\/2016\/04\/ZulassungAkademie.jpg\" rel=\"lightbox\"><br \/>\n    <img decoding=\"async\" src=\"\/wp-content\/uploads\/2016\/04\/ZulassungAkademie_s.jpg\" \/><\/p>\n<div class=\"dokument-text\"><span>1895 Bulletin de l&#8217;Acad\u00e9mie<\/span><\/div>\n<p>  <\/a>\n<\/div>\n<div class=\"dokument\">\n  <a class=\"dokument-pdf\" href=\"\/wp-content\/uploads\/2016\/04\/4-Albert-Engstfeld-Mitgliedschaften.pdf\"><\/p>\n<div class=\"dokument-text\"><span>Liste des associations<\/span><\/div>\n<p>  <\/a>\n<\/div>\n<div class=\"dokument\">\n  <a class=\"dokument-pdf\" href=\"\/wp-content\/uploads\/2025\/01\/2_Ausstellungsverzeichnisse_2025.pdf\"><\/p>\n<div class=\"dokument-text\"><span>Liste des expositions<\/span><\/div>\n<p>  <\/a>\n<\/div>\n<div class=\"dokument\">\n  <a class=\"dokument-pdf\" href=\"\/wp-content\/uploads\/2025\/01\/3_KatalogVZ_Ausstellungen_2025.pdf\" target=\"_blank\" rel=\"noopener noreferrer\"><\/p>\n<div class=\"dokument-text\"><span>Liste de catalogues d&#8217;expositions<\/span><\/div>\n<p>  <\/a>\n<\/div>\n<div class=\"dokument\">\n  <a class=\"dokument-pdf\" href=\"\/wp-content\/uploads\/2025\/01\/4FR_Statistiques_oeuvres.pdf\" target=\"_blank\" rel=\"noopener noreferrer\"><\/p>\n<div class=\"dokument-text\"><span>Statistiques \u0153uvres<\/span><\/div>\n<p>  <\/a>\n<\/div>\n<div class=\"dokument\">\n  <a class=\"dokument-pdf\" href=\"\/wp-content\/uploads\/2025\/01\/5_LiteraturVZ_2025.pdf\"><\/p>\n<div class=\"dokument-text\"><span>Bibliographie<\/span><\/div>\n<p>  <\/a>\n<\/div>\n<div class=\"dokument\">\n  <a class=\"dokument-pdf\" href=\"\/wp-content\/uploads\/2016\/04\/7-Werkkladde.pdf\"><\/p>\n<div class=\"dokument-text\"><span>Extrait du carnet des \u0153uvres<\/span><\/div>\n<p>  <\/a>\n<\/div>\n<div class=\"dokument\">\n  <a class=\"dokument-pdf\" href=\"http:\/\/www.engstfeld-archiv.eu\/wp-content\/uploads\/2020\/05\/1907_K\u00fcche-Einsiedel_2020FR.pdf\"><\/p>\n<div class=\"dokument-text\"><span>1907 Publication par la maison d&#8217;\u00e9dition Velhagen &#038; Klasing<\/span><\/div>\n<p>  <\/a>\n<\/div>\n<div class=\"dokument\">\n  <a class=\"dokument-pdf\" href=\"\/wp-content\/uploads\/2016\/04\/9_1908_Autographe.pdf\"><\/p>\n<div class=\"dokument-text\"><span>1908 Autographe<\/span><\/div>\n<p>  <\/a>\n<\/div>\n<div class=\"dokument\">\n  <a class=\"dokument-pdf\" href=\"\/wp-content\/uploads\/2016\/04\/10_Karikaturen-1.pdf\"><\/p>\n<div class=\"dokument-text\"><span>Caricatures 1 copie<\/span><\/div>\n<p>  <\/a>\n<\/div>\n<div class=\"dokument\">\n  <a class=\"dokument-pdf\" href=\"\/wp-content\/uploads\/2016\/04\/11_Karikaturen-2.pdf\"><\/p>\n<div class=\"dokument-text\"><span>Caricatures 2 copie<\/span><\/div>\n<p>  <\/a>\n<\/div>\n<div class=\"dokument\">\n  <a class=\"dokument-pdf\" href=\"\/wp-content\/uploads\/2016\/04\/12_Interieurvorbild-Dreydorff.pdf\"><\/p>\n<div class=\"dokument-text\"><span>L&#8217;int\u00e9rieur mod\u00e8le de la maison Dreydorff \u00e0 Sluis<\/span><\/div>\n<p>  <\/a>\n<\/div>\n<div class=\"dokument\">\n  <a class=\"dokument-pdf\" href=\"\/wp-content\/uploads\/2016\/04\/13_Quai-de-Rosaire.pdf\"><\/p>\n<div class=\"dokument-text\"><span>Photo mod\u00e8le de Bruges<\/span><\/div>\n<p>  <\/a>\n<\/div>\n<div class=\"dokument\">\n  <a class=\"dokument-pdf\" href=\"\/wp-content\/uploads\/2016\/04\/14_1919-Ausstellung_Kriegsteilnehmer.pdf\"><\/p>\n<div class=\"dokument-text\"><span>1919 Article sur une exposition<\/span><\/div>\n<p>  <\/a>\n<\/div>\n<div class=\"dokument\">\n  <a class=\"dokument-pdf\" href=\"\/wp-content\/uploads\/2016\/04\/15_Alb.-Engstfeld75_Hildener-Ztg.pdf\"><\/p>\n<div class=\"dokument-text\"><span>1961 Le journal local \u00e0 l&#8217;occasion du 75\u00e8me anniversaire<\/span><\/div>\n<p>  <\/a>\n<\/div>\n<div class=\"dokument\">\n  <a class=\"dokument-pdf\" href=\"http:\/\/www.engstfeld-archiv.eu\/wp-content\/uploads\/2020\/05\/Engstfeld-Signatures_2020FR.pdf\"><\/p>\n<div class=\"dokument-text\"><span>Les signatures au cours du temps<\/span><\/div>\n<p>  <\/a>\n<\/div>\n","protected":false},"excerpt":{"rendered":"<p>D\u00e9roulement des \u00e9tudes 1895 Excursion de l&#8217;Acad\u00e9mie 1895 Bulletin de l&#8217;Acad\u00e9mie Liste des associations Liste des expositions Liste de catalogues d&#8217;expositions Statistiques \u0153uvres Bibliographie Extrait du carnet des \u0153uvres 1907 Publication par la maison d&#8217;\u00e9dition Velhagen &#038; Klasing 1908 Autographe Caricatures 1 copie Caricatures 2 copie L&#8217;int\u00e9rieur mod\u00e8le de la maison Dreydorff \u00e0 Sluis Photo [&hellip;]<\/p>\n","protected":false},"author":1,"featured_media":0,"parent":9,"menu_order":3,"comment_status":"closed","ping_status":"closed","template":"page-dokumente.php","meta":{"_acf_changed":false,"footnotes":""},"class_list":["post-47","page","type-page","status-publish","hentry"],"translation":{"provider":"WPGlobus","version":"3.0.2","language":"fr","enabled_languages":["de","fr","nl"],"languages":{"de":{"title":true,"content":true,"excerpt":false},"fr":{"title":false,"content":true,"excerpt":false},"nl":{"title":true,"content":true,"excerpt":false}}},"acf":[],"_links":{"self":[{"href":"https:\/\/www.engstfeld-archiv.eu\/fr\/wp-json\/wp\/v2\/pages\/47","targetHints":{"allow":["GET"]}}],"collection":[{"href":"https:\/\/www.engstfeld-archiv.eu\/fr\/wp-json\/wp\/v2\/pages"}],"about":[{"href":"https:\/\/www.engstfeld-archiv.eu\/fr\/wp-json\/wp\/v2\/types\/page"}],"author":[{"embeddable":true,"href":"https:\/\/www.engstfeld-archiv.eu\/fr\/wp-json\/wp\/v2\/users\/1"}],"replies":[{"embeddable":true,"href":"https:\/\/www.engstfeld-archiv.eu\/fr\/wp-json\/wp\/v2\/comments?post=47"}],"version-history":[{"count":126,"href":"https:\/\/www.engstfeld-archiv.eu\/fr\/wp-json\/wp\/v2\/pages\/47\/revisions"}],"predecessor-version":[{"id":3045,"href":"https:\/\/www.engstfeld-archiv.eu\/fr\/wp-json\/wp\/v2\/pages\/47\/revisions\/3045"}],"up":[{"embeddable":true,"href":"https:\/\/www.engstfeld-archiv.eu\/fr\/wp-json\/wp\/v2\/pages\/9"}],"wp:attachment":[{"href":"https:\/\/www.engstfeld-archiv.eu\/fr\/wp-json\/wp\/v2\/media?parent=47"}],"curies":[{"name":"wp","href":"https:\/\/api.w.org\/{rel}","templated":true}]}}