{"id":9,"date":"2016-04-06T09:58:15","date_gmt":"2016-04-06T07:58:15","guid":{"rendered":"http:\/\/neu.engstfeld-archiv.eu\/?page_id=9"},"modified":"2025-01-26T17:32:27","modified_gmt":"2025-01-26T16:32:27","slug":"kunstmaler","status":"publish","type":"page","link":"https:\/\/www.engstfeld-archiv.eu\/fr\/kunstmaler\/","title":{"rendered":"L&#8217;artiste peintre"},"content":{"rendered":"<p style=\"text-align: center;\"><img loading=\"lazy\" decoding=\"async\" class=\"alignnone size-medium wp-image-675\" src=\"http:\/\/www.engstfeld-archiv.eu\/wp-content\/uploads\/2016\/04\/Intro-Foto-269x300.jpg\" alt=\"Intro-Foto\" width=\"269\" height=\"300\" srcset=\"https:\/\/www.engstfeld-archiv.eu\/wp-content\/uploads\/2016\/04\/Intro-Foto-269x300.jpg 269w, https:\/\/www.engstfeld-archiv.eu\/wp-content\/uploads\/2016\/04\/Intro-Foto-768x856.jpg 768w, https:\/\/www.engstfeld-archiv.eu\/wp-content\/uploads\/2016\/04\/Intro-Foto-919x1024.jpg 919w, https:\/\/www.engstfeld-archiv.eu\/wp-content\/uploads\/2016\/04\/Intro-Foto.jpg 1432w\" sizes=\"auto, (max-width: 269px) 100vw, 269px\" \/><\/p>\n<p style=\"text-align: center;\">Un repr\u00e9sentant de l&#8217; Ecole de Dusseldorf presque oubli\u00e9 aujourd&#8217;hui<\/p>\n<p style=\"text-align: center;\">Ses tableaux sont dispers\u00e9s sur toute l&#8217; Europe et jusqu&#8217; aux Etats-Unis<\/p>\n<p style=\"text-align: center;\">Ce site est g\u00e9r\u00e9 par son petit-fils et ex\u00e9cuteur testamentaire<br \/>\n<i>Paul A. Engstfeld<\/i>.<\/p>\n<p style=\"text-align: center;\">Chaque indication suppl\u00e9mentaire sur son \u0153uvre ainsi que des demandes de ventes et d&#8217; achats sont les bienvenues sous <a href=\"mailto:info@engstfeld-archiv.eu\">info@engstfeld-archiv.eu<\/a> et seront trait\u00e9es de fa\u00e7on strictement confidentielle.<\/p>\n<p style=\"text-align: center;\">Depuis 2016 plus de 50 \u0153uvres \u00e9taient notifi\u00e9es par le biais de ce site web.<\/p>\n<p style=\"text-align: center;\">Les droits de propri\u00e9t\u00e9 intellectuelle des \u0153uvres sont enregistr\u00e9s sous N\u00b0 1255828 BG I aupr\u00e8s de la soci\u00e9t\u00e9 allemande \u201eVG Bild-Kunst\u201c<\/p>\n","protected":false},"excerpt":{"rendered":"<p>Un repr\u00e9sentant de l&#8217; Ecole de Dusseldorf presque oubli\u00e9 aujourd&#8217;hui Ses tableaux sont dispers\u00e9s sur toute l&#8217; Europe et jusqu&#8217; aux Etats-Unis Ce site est g\u00e9r\u00e9 par son petit-fils et ex\u00e9cuteur testamentaire Paul A. Engstfeld. Chaque indication suppl\u00e9mentaire sur son \u0153uvre ainsi que des demandes de ventes et d&#8217; achats sont les bienvenues sous info@engstfeld-archiv.eu [&hellip;]<\/p>\n","protected":false},"author":1,"featured_media":0,"parent":0,"menu_order":2,"comment_status":"closed","ping_status":"closed","template":"","meta":{"_acf_changed":false,"footnotes":""},"class_list":["post-9","page","type-page","status-publish","hentry"],"translation":{"provider":"WPGlobus","version":"3.0.2","language":"fr","enabled_languages":["de","fr","nl"],"languages":{"de":{"title":true,"content":true,"excerpt":false},"fr":{"title":true,"content":true,"excerpt":false},"nl":{"title":true,"content":true,"excerpt":false}}},"acf":[],"_links":{"self":[{"href":"https:\/\/www.engstfeld-archiv.eu\/fr\/wp-json\/wp\/v2\/pages\/9","targetHints":{"allow":["GET"]}}],"collection":[{"href":"https:\/\/www.engstfeld-archiv.eu\/fr\/wp-json\/wp\/v2\/pages"}],"about":[{"href":"https:\/\/www.engstfeld-archiv.eu\/fr\/wp-json\/wp\/v2\/types\/page"}],"author":[{"embeddable":true,"href":"https:\/\/www.engstfeld-archiv.eu\/fr\/wp-json\/wp\/v2\/users\/1"}],"replies":[{"embeddable":true,"href":"https:\/\/www.engstfeld-archiv.eu\/fr\/wp-json\/wp\/v2\/comments?post=9"}],"version-history":[{"count":54,"href":"https:\/\/www.engstfeld-archiv.eu\/fr\/wp-json\/wp\/v2\/pages\/9\/revisions"}],"predecessor-version":[{"id":153,"href":"https:\/\/www.engstfeld-archiv.eu\/fr\/wp-json\/wp\/v2\/pages\/9\/revisions\/153"}],"wp:attachment":[{"href":"https:\/\/www.engstfeld-archiv.eu\/fr\/wp-json\/wp\/v2\/media?parent=9"}],"curies":[{"name":"wp","href":"https:\/\/api.w.org\/{rel}","templated":true}]}}