{"id":45,"date":"2020-04-08T18:43:00","date_gmt":"2020-04-08T16:43:00","guid":{"rendered":"http:\/\/neu.engstfeld-archiv.eu\/kunstmaler\/biografie-copy\/"},"modified":"2020-04-09T12:26:49","modified_gmt":"2020-04-09T10:26:49","slug":"lebenslauf","status":"publish","type":"page","link":"https:\/\/www.engstfeld-archiv.eu\/nl\/kunstmaler\/lebenslauf\/","title":{"rendered":"Lebenslauf"},"content":{"rendered":"<table>\n<tbody>\n<tr>\n<td width=\"20%\">25.08.1876<\/td>\n<td>\n<p lang=\"fr-FR\" align=\"LEFT\">Geboren in de Steinstra\u00dfe in D\u00fcsseldorf, als zoon en 4de van 7 kinderen van Albert Engstfeld en zijn vrouw Anna Barbara, meisjesnaam Sch\u00f6neberg<\/p>\n<\/td>\n<\/tr>\n<tr>\n<td>03-09-1876<\/td>\n<td>\n<p lang=\"fr-FR\" align=\"LEFT\">Doop in de Evangelische Neanderkirche (vroegere \u201cGr\u00f6\u00dfere Evangelische Kirche\u201d)<\/p>\n<p lang=\"fr-FR\" align=\"LEFT\">Lagere en middelbare school in D\u00fcsseldorf<\/p>\n<\/td>\n<\/tr>\n<tr>\n<td>1892<\/td>\n<td>\n<p lang=\"fr-FR\" align=\"LEFT\">Toelatingsexamen en studiejaren aan de Koninklijke Pruisische Academie in D\u00fcsseldorf, Lid van de academische vereniging &#8220;Laetitia&#8221;<\/p>\n<\/td>\n<\/tr>\n<tr>\n<td>1896<\/td>\n<td>\n<p lang=\"fr-FR\" align=\"LEFT\">Succesvol be\u00ebindigen van zijn kunststudies<\/p>\n<\/td>\n<\/tr>\n<tr>\n<td>1897-1907<\/td>\n<td>\n<p lang=\"fr-FR\" align=\"LEFT\">Verschillende artistieke tussenstops in Knokke (Belgi\u00eb) en Sluis (Nederland), waar hij vaak bij zijn oud-medestudent Johann Georg Dreydorff verblijft<\/p>\n<\/td>\n<\/tr>\n<tr>\n<td>1908-1914<\/td>\n<td>\n<p lang=\"fr-FR\" align=\"LEFT\">Verblijf in Brugge in de \u201cSint-Jacobstraat 62\u201d en vervolgens \u201c75 rue d\u2019Ostende\u201d\u00a0(vandaag &#8220;Ezelstraat 75&#8221;). Lid van de \u201cCercle Artistique Bruges.\u201c Talrijke schilderijen ontstaan in Vlaanderen en Nederland, meerdere tentoonstellingen, reizen naar o.a. Amsterdam en Wenen<\/p>\n<\/td>\n<\/tr>\n<tr>\n<td>1914<\/td>\n<td>\n<p lang=\"fr-FR\" align=\"LEFT\">Vlucht over Nederland naar Duitsland uit angst voor dreigend gevangenschap<\/p>\n<\/td>\n<\/tr>\n<tr>\n<td>1915<\/td>\n<td>\n<p lang=\"fr-FR\" align=\"LEFT\">Militaire dienst in Wesel\/Nederrijn (Duitsland)<\/p>\n<\/td>\n<\/tr>\n<tr>\n<td>1919<\/td>\n<td>\n<p lang=\"fr-FR\" align=\"LEFT\">Huwelijk met Maria Hartmann, de dochter van een herbergier in Oberhausen-Sterkrade. Verhuis naar Hilden (Rijnland) naar een appartement van Engstfelds vader<\/p>\n<\/td>\n<\/tr>\n<tr>\n<td>24.8.1920<\/td>\n<td>\n<p lang=\"fr-FR\" align=\"LEFT\">Geboorte van dochter Doris<\/p>\n<\/td>\n<\/tr>\n<tr>\n<td>1933<\/td>\n<td>Verhuis naar Heerstraat 22 in Hilden<\/td>\n<\/tr>\n<tr>\n<td>1935<\/td>\n<td>Verblijf in Mayen (Eifel) voor het Project \u201cGemeinschaftswerk Kunst und K\u00fcnstler.\u201c In 1936 tentoonstelling in de \u201eD\u00fcsseldorfse Kunsthalle\u201c<\/td>\n<\/tr>\n<tr>\n<td>1942<\/td>\n<td>Verblijf in Elfershausen, Nederfranken (Duitsland) waar talrijke schilderijen van het dorp en de omgeving ontstaan<\/td>\n<\/tr>\n<tr>\n<td>20-04-1956<\/td>\n<td>\n<p lang=\"fr-FR\" align=\"LEFT\">Overlijden in het St. Martinus-ziekenhuis, Langenfeld-Richrath (Rijnland), begraven op het stadkerkhof van Hilden<\/p>\n<\/td>\n<\/tr>\n<\/tbody>\n<\/table>\n","protected":false},"excerpt":{"rendered":"<p>25.08.1876 Geboren in de Steinstra\u00dfe in D\u00fcsseldorf, als zoon en 4de van 7 kinderen van Albert Engstfeld en zijn vrouw Anna Barbara, meisjesnaam Sch\u00f6neberg 03-09-1876 Doop in de Evangelische Neanderkirche (vroegere \u201cGr\u00f6\u00dfere Evangelische Kirche\u201d) Lagere en middelbare school in D\u00fcsseldorf 1892 Toelatingsexamen en studiejaren aan de Koninklijke Pruisische Academie in D\u00fcsseldorf, Lid van de academische [&hellip;]<\/p>\n","protected":false},"author":1,"featured_media":0,"parent":9,"menu_order":2,"comment_status":"closed","ping_status":"closed","template":"","meta":{"_acf_changed":false,"footnotes":""},"class_list":["post-45","page","type-page","status-publish","hentry"],"translation":{"provider":"WPGlobus","version":"3.0.2","language":"nl","enabled_languages":["de","fr","nl"],"languages":{"de":{"title":true,"content":true,"excerpt":false},"fr":{"title":false,"content":true,"excerpt":false},"nl":{"title":false,"content":true,"excerpt":false}}},"acf":[],"_links":{"self":[{"href":"https:\/\/www.engstfeld-archiv.eu\/nl\/wp-json\/wp\/v2\/pages\/45","targetHints":{"allow":["GET"]}}],"collection":[{"href":"https:\/\/www.engstfeld-archiv.eu\/nl\/wp-json\/wp\/v2\/pages"}],"about":[{"href":"https:\/\/www.engstfeld-archiv.eu\/nl\/wp-json\/wp\/v2\/types\/page"}],"author":[{"embeddable":true,"href":"https:\/\/www.engstfeld-archiv.eu\/nl\/wp-json\/wp\/v2\/users\/1"}],"replies":[{"embeddable":true,"href":"https:\/\/www.engstfeld-archiv.eu\/nl\/wp-json\/wp\/v2\/comments?post=45"}],"version-history":[{"count":30,"href":"https:\/\/www.engstfeld-archiv.eu\/nl\/wp-json\/wp\/v2\/pages\/45\/revisions"}],"predecessor-version":[{"id":2375,"href":"https:\/\/www.engstfeld-archiv.eu\/nl\/wp-json\/wp\/v2\/pages\/45\/revisions\/2375"}],"up":[{"embeddable":true,"href":"https:\/\/www.engstfeld-archiv.eu\/nl\/wp-json\/wp\/v2\/pages\/9"}],"wp:attachment":[{"href":"https:\/\/www.engstfeld-archiv.eu\/nl\/wp-json\/wp\/v2\/media?parent=45"}],"curies":[{"name":"wp","href":"https:\/\/api.w.org\/{rel}","templated":true}]}}